{"id":839,"date":"2022-01-24T12:10:48","date_gmt":"2022-01-24T20:10:48","guid":{"rendered":"https:\/\/ancestralfamilyfootprints.com\/?page_id=839"},"modified":"2022-09-02T16:41:48","modified_gmt":"2022-09-02T23:41:48","slug":"internet-sites","status":"publish","type":"page","link":"https:\/\/ancestralfamilyfootprints.com\/fr\/internet-sites\/","title":{"rendered":"Sites internet"},"content":{"rendered":"<div data-elementor-type=\"wp-page\" data-elementor-id=\"839\" class=\"elementor elementor-839\">\n\t\t\t\t\t\t<section class=\"elementor-section elementor-top-section elementor-element elementor-element-499f866 elementor-section-boxed elementor-section-height-default elementor-section-height-default\" data-id=\"499f866\" data-element_type=\"section\">\n\t\t\t\t\t\t<div class=\"elementor-container elementor-column-gap-default\">\n\t\t\t\t\t<div class=\"elementor-column elementor-col-100 elementor-top-column elementor-element elementor-element-3493081\" data-id=\"3493081\" data-element_type=\"column\">\n\t\t\t<div class=\"elementor-widget-wrap elementor-element-populated\">\n\t\t\t\t\t\t<div class=\"elementor-element elementor-element-a5653b0 elementor-widget elementor-widget-heading\" data-id=\"a5653b0\" data-element_type=\"widget\" data-widget_type=\"heading.default\">\n\t\t\t\t<div class=\"elementor-widget-container\">\n\t\t\t\t\t<h2 class=\"elementor-heading-title elementor-size-default\">SITES INTERNET<\/h2>\t\t\t\t<\/div>\n\t\t\t\t<\/div>\n\t\t\t\t\t<\/div>\n\t\t<\/div>\n\t\t\t\t\t<\/div>\n\t\t<\/section>\n\t\t\t\t<section class=\"elementor-section elementor-top-section elementor-element elementor-element-37425ba elementor-section-boxed elementor-section-height-default elementor-section-height-default\" data-id=\"37425ba\" data-element_type=\"section\">\n\t\t\t\t\t\t<div class=\"elementor-container elementor-column-gap-default\">\n\t\t\t\t\t<div class=\"elementor-column elementor-col-100 elementor-top-column elementor-element elementor-element-762cb81\" data-id=\"762cb81\" data-element_type=\"column\">\n\t\t\t<div class=\"elementor-widget-wrap elementor-element-populated\">\n\t\t\t\t\t\t<div class=\"elementor-element elementor-element-8d734fe elementor-widget elementor-widget-image\" data-id=\"8d734fe\" data-element_type=\"widget\" data-widget_type=\"image.default\">\n\t\t\t\t<div class=\"elementor-widget-container\">\n\t\t\t\t\t\t\t\t\t\t\t\t\t\t\t<img fetchpriority=\"high\" decoding=\"async\" width=\"1024\" height=\"151\" src=\"https:\/\/ancestralfamilyfootprints.com\/wp-content\/uploads\/2022\/08\/Image-CanGenealogy-1024x151.png\" class=\"attachment-large size-large wp-image-2701\" alt=\"\" srcset=\"https:\/\/ancestralfamilyfootprints.com\/wp-content\/uploads\/2022\/08\/Image-CanGenealogy-1024x151.png 1024w, https:\/\/ancestralfamilyfootprints.com\/wp-content\/uploads\/2022\/08\/Image-CanGenealogy-300x44.png 300w, https:\/\/ancestralfamilyfootprints.com\/wp-content\/uploads\/2022\/08\/Image-CanGenealogy-768x113.png 768w, https:\/\/ancestralfamilyfootprints.com\/wp-content\/uploads\/2022\/08\/Image-CanGenealogy-18x3.png 18w, https:\/\/ancestralfamilyfootprints.com\/wp-content\/uploads\/2022\/08\/Image-CanGenealogy.png 1039w\" sizes=\"(max-width: 1024px) 100vw, 1024px\" \/>\t\t\t\t\t\t\t\t\t\t\t\t\t\t\t<\/div>\n\t\t\t\t<\/div>\n\t\t\t\t\t<\/div>\n\t\t<\/div>\n\t\t\t\t\t<\/div>\n\t\t<\/section>\n\t\t\t\t<section class=\"elementor-section elementor-top-section elementor-element elementor-element-f573078 elementor-section-boxed elementor-section-height-default elementor-section-height-default\" data-id=\"f573078\" data-element_type=\"section\">\n\t\t\t\t\t\t<div class=\"elementor-container elementor-column-gap-default\">\n\t\t\t\t\t<div class=\"elementor-column elementor-col-100 elementor-top-column elementor-element elementor-element-35125f5\" data-id=\"35125f5\" data-element_type=\"column\">\n\t\t\t<div class=\"elementor-widget-wrap elementor-element-populated\">\n\t\t\t\t\t\t<div class=\"elementor-element elementor-element-7028e23 elementor-widget elementor-widget-text-editor\" data-id=\"7028e23\" data-element_type=\"widget\" data-widget_type=\"text-editor.default\">\n\t\t\t\t<div class=\"elementor-widget-container\">\n\t\t\t\t\t\t\t\t\t<p>Il existe bien s\u00fbr de tr\u00e8s nombreux sites Internet contenant des informations g\u00e9n\u00e9alogiques et g\u00e9n\u00e9alogiques. Pour l&#039;historien canadien de la famille novice, un excellent site Web qui r\u00e9pertorie des liens vers de nombreuses ressources int\u00e9ressantes est Can Genealogy pr\u00e9par\u00e9 par David Obee (journaliste et chercheur en g\u00e9n\u00e9alogie r\u00e9put\u00e9) avec de nombreux b\u00e9n\u00e9voles. Vous pouvez s\u00e9lectionner la province sur laquelle vous souhaitez vous concentrer. Il existe de nombreux liens pour : Recensement ; Naissance\/Mariage\/D\u00e9c\u00e8s\u00a0; g\u00e9ographie et territoire\u00a0; Journaux; Dictionnaire Tanguay; Soci\u00e9t\u00e9s g\u00e9n\u00e9alogiques.<\/p><p>Voici l&#039;URL\u00a0:<br \/>https:\/\/www.cangenealogy.com\/ Consult\u00e9 le 21 ao\u00fbt 2022<\/p>\t\t\t\t\t\t\t\t<\/div>\n\t\t\t\t<\/div>\n\t\t\t\t\t<\/div>\n\t\t<\/div>\n\t\t\t\t\t<\/div>\n\t\t<\/section>\n\t\t\t\t<section class=\"elementor-section elementor-top-section elementor-element elementor-element-6af72cf elementor-section-boxed elementor-section-height-default elementor-section-height-default\" data-id=\"6af72cf\" data-element_type=\"section\">\n\t\t\t\t\t\t<div class=\"elementor-container elementor-column-gap-default\">\n\t\t\t\t\t<div class=\"elementor-column elementor-col-100 elementor-top-column elementor-element elementor-element-e489c05\" data-id=\"e489c05\" data-element_type=\"column\">\n\t\t\t<div class=\"elementor-widget-wrap elementor-element-populated\">\n\t\t\t\t\t\t<div class=\"elementor-element elementor-element-75eaf1f elementor-widget elementor-widget-image\" data-id=\"75eaf1f\" data-element_type=\"widget\" data-widget_type=\"image.default\">\n\t\t\t\t<div class=\"elementor-widget-container\">\n\t\t\t\t\t\t\t\t\t\t\t\t\t\t\t<img decoding=\"async\" width=\"1024\" height=\"334\" src=\"https:\/\/ancestralfamilyfootprints.com\/wp-content\/uploads\/2022\/08\/Image-Genealogie-Quebec-1024x334.png\" class=\"attachment-large size-large wp-image-2705\" alt=\"\" srcset=\"https:\/\/ancestralfamilyfootprints.com\/wp-content\/uploads\/2022\/08\/Image-Genealogie-Quebec-1024x334.png 1024w, https:\/\/ancestralfamilyfootprints.com\/wp-content\/uploads\/2022\/08\/Image-Genealogie-Quebec-300x98.png 300w, https:\/\/ancestralfamilyfootprints.com\/wp-content\/uploads\/2022\/08\/Image-Genealogie-Quebec-768x251.png 768w, https:\/\/ancestralfamilyfootprints.com\/wp-content\/uploads\/2022\/08\/Image-Genealogie-Quebec-18x6.png 18w, https:\/\/ancestralfamilyfootprints.com\/wp-content\/uploads\/2022\/08\/Image-Genealogie-Quebec.png 1029w\" sizes=\"(max-width: 1024px) 100vw, 1024px\" \/>\t\t\t\t\t\t\t\t\t\t\t\t\t\t\t<\/div>\n\t\t\t\t<\/div>\n\t\t\t\t\t<\/div>\n\t\t<\/div>\n\t\t\t\t\t<\/div>\n\t\t<\/section>\n\t\t\t\t<section class=\"elementor-section elementor-top-section elementor-element elementor-element-a2a8184 elementor-section-boxed elementor-section-height-default elementor-section-height-default\" data-id=\"a2a8184\" data-element_type=\"section\">\n\t\t\t\t\t\t<div class=\"elementor-container elementor-column-gap-default\">\n\t\t\t\t\t<div class=\"elementor-column elementor-col-100 elementor-top-column elementor-element elementor-element-41080da\" data-id=\"41080da\" data-element_type=\"column\">\n\t\t\t<div class=\"elementor-widget-wrap elementor-element-populated\">\n\t\t\t\t\t\t<div class=\"elementor-element elementor-element-5614c58 elementor-widget elementor-widget-text-editor\" data-id=\"5614c58\" data-element_type=\"widget\" data-widget_type=\"text-editor.default\">\n\t\t\t\t<div class=\"elementor-widget-container\">\n\t\t\t\t\t\t\t\t\t<p>Si vous avez une ascendance qu\u00e9b\u00e9coise, il est possible de retracer vos racines depuis le 17<sup>e<\/sup> \u00e0 20<sup>e<\/sup> si\u00e8cle en quelques heures en utilisant ce site Web. \u00c0 mon avis, G\u00e9n\u00e9alogie Qu\u00e9bec est une ressource sup\u00e9rieure pour un prix d&#039;abonnement tr\u00e8s raisonnable.<\/p><p>Voici l&#039;URL\u00a0:<br \/><a href=\"https:\/\/www.genealogiequebec.com\/en\/\">https:\/\/www.genealogiequebec.com\/en\/<\/a> pour l&#039;anglais<br \/><a href=\"https:\/\/www.genealogiequebec.com\/fr\">https:\/\/www.genealogiequebec.com\/fr<\/a> pour le fran\u00e7ais Consult\u00e9 le 21 ao\u00fbt 2022<\/p>\t\t\t\t\t\t\t\t<\/div>\n\t\t\t\t<\/div>\n\t\t\t\t\t<\/div>\n\t\t<\/div>\n\t\t\t\t\t<\/div>\n\t\t<\/section>\n\t\t\t\t<section class=\"elementor-section elementor-top-section elementor-element elementor-element-e0d5958 elementor-section-boxed elementor-section-height-default elementor-section-height-default\" data-id=\"e0d5958\" data-element_type=\"section\">\n\t\t\t\t\t\t<div class=\"elementor-container elementor-column-gap-default\">\n\t\t\t\t\t<div class=\"elementor-column elementor-col-100 elementor-top-column elementor-element elementor-element-06c1903\" data-id=\"06c1903\" data-element_type=\"column\">\n\t\t\t<div class=\"elementor-widget-wrap elementor-element-populated\">\n\t\t\t\t\t\t<div class=\"elementor-element elementor-element-7960469 elementor-widget elementor-widget-image\" data-id=\"7960469\" data-element_type=\"widget\" data-widget_type=\"image.default\">\n\t\t\t\t<div class=\"elementor-widget-container\">\n\t\t\t\t\t\t\t\t\t\t\t\t\t\t\t<img decoding=\"async\" width=\"1024\" height=\"549\" src=\"https:\/\/ancestralfamilyfootprints.com\/wp-content\/uploads\/2022\/08\/Image-Centre-du-Patrimoine-1024x549.png\" class=\"attachment-large size-large wp-image-2702\" alt=\"\" srcset=\"https:\/\/ancestralfamilyfootprints.com\/wp-content\/uploads\/2022\/08\/Image-Centre-du-Patrimoine-1024x549.png 1024w, https:\/\/ancestralfamilyfootprints.com\/wp-content\/uploads\/2022\/08\/Image-Centre-du-Patrimoine-300x161.png 300w, https:\/\/ancestralfamilyfootprints.com\/wp-content\/uploads\/2022\/08\/Image-Centre-du-Patrimoine-768x411.png 768w, https:\/\/ancestralfamilyfootprints.com\/wp-content\/uploads\/2022\/08\/Image-Centre-du-Patrimoine-1536x823.png 1536w, https:\/\/ancestralfamilyfootprints.com\/wp-content\/uploads\/2022\/08\/Image-Centre-du-Patrimoine-18x10.png 18w, https:\/\/ancestralfamilyfootprints.com\/wp-content\/uploads\/2022\/08\/Image-Centre-du-Patrimoine.png 1570w\" sizes=\"(max-width: 1024px) 100vw, 1024px\" \/>\t\t\t\t\t\t\t\t\t\t\t\t\t\t\t<\/div>\n\t\t\t\t<\/div>\n\t\t\t\t\t<\/div>\n\t\t<\/div>\n\t\t\t\t\t<\/div>\n\t\t<\/section>\n\t\t\t\t<section class=\"elementor-section elementor-top-section elementor-element elementor-element-16cf783 elementor-section-boxed elementor-section-height-default elementor-section-height-default\" data-id=\"16cf783\" data-element_type=\"section\">\n\t\t\t\t\t\t<div class=\"elementor-container elementor-column-gap-default\">\n\t\t\t\t\t<div class=\"elementor-column elementor-col-100 elementor-top-column elementor-element elementor-element-a82f805\" data-id=\"a82f805\" data-element_type=\"column\">\n\t\t\t<div class=\"elementor-widget-wrap elementor-element-populated\">\n\t\t\t\t\t\t<div class=\"elementor-element elementor-element-89e8e00 elementor-widget elementor-widget-text-editor\" data-id=\"89e8e00\" data-element_type=\"widget\" data-widget_type=\"text-editor.default\">\n\t\t\t\t<div class=\"elementor-widget-container\">\n\t\t\t\t\t\t\t\t\t<p>En plus des ressources patrimoniales francophones et m\u00e9tisses de l&#039;Ouest canadien, ce site Web contient une vaste base de donn\u00e9es contenant des transcriptions de contrats de voyageurs.\u00a0<\/p><p>Si vous souhaitez rechercher d&#039;\u00e9ventuels voyageurs dans votre ascendance, voici le lien vers la base de donn\u00e9es des voyageurs - recherchez par le nom de famille de votre anc\u00eatre.<\/p><p>Voici l&#039;URL\u00a0:<br \/><a href=\"https:\/\/archivesshsb.mb.ca\/en\/list?q=&amp;src_facet=Voyageurs&amp;p=1&amp;ps=20\">https:\/\/archivesshsb.mb.ca\/en\/list?q=&amp;src_facet=Voyageurs&amp;p=1&amp;ps=20\u00a0 \u00a0<\/a><br \/>Consult\u00e9 le 21 ao\u00fbt 2022<\/p>\t\t\t\t\t\t\t\t<\/div>\n\t\t\t\t<\/div>\n\t\t\t\t\t<\/div>\n\t\t<\/div>\n\t\t\t\t\t<\/div>\n\t\t<\/section>\n\t\t\t\t<section class=\"elementor-section elementor-top-section elementor-element elementor-element-425cfbd elementor-section-boxed elementor-section-height-default elementor-section-height-default\" data-id=\"425cfbd\" data-element_type=\"section\">\n\t\t\t\t\t\t<div class=\"elementor-container elementor-column-gap-default\">\n\t\t\t\t\t<div class=\"elementor-column elementor-col-100 elementor-top-column elementor-element elementor-element-222186e\" data-id=\"222186e\" data-element_type=\"column\">\n\t\t\t<div class=\"elementor-widget-wrap elementor-element-populated\">\n\t\t\t\t\t\t<div class=\"elementor-element elementor-element-b2de06a elementor-widget elementor-widget-image\" data-id=\"b2de06a\" data-element_type=\"widget\" data-widget_type=\"image.default\">\n\t\t\t\t<div class=\"elementor-widget-container\">\n\t\t\t\t\t\t\t\t\t\t\t\t\t\t\t<img loading=\"lazy\" decoding=\"async\" width=\"1024\" height=\"164\" src=\"https:\/\/ancestralfamilyfootprints.com\/wp-content\/uploads\/2022\/08\/Image-Cyndis-List-1024x164.png\" class=\"attachment-large size-large wp-image-2703\" alt=\"\" srcset=\"https:\/\/ancestralfamilyfootprints.com\/wp-content\/uploads\/2022\/08\/Image-Cyndis-List-1024x164.png 1024w, https:\/\/ancestralfamilyfootprints.com\/wp-content\/uploads\/2022\/08\/Image-Cyndis-List-300x48.png 300w, https:\/\/ancestralfamilyfootprints.com\/wp-content\/uploads\/2022\/08\/Image-Cyndis-List-768x123.png 768w, https:\/\/ancestralfamilyfootprints.com\/wp-content\/uploads\/2022\/08\/Image-Cyndis-List-18x3.png 18w, https:\/\/ancestralfamilyfootprints.com\/wp-content\/uploads\/2022\/08\/Image-Cyndis-List.png 1054w\" sizes=\"(max-width: 1024px) 100vw, 1024px\" \/>\t\t\t\t\t\t\t\t\t\t\t\t\t\t\t<\/div>\n\t\t\t\t<\/div>\n\t\t\t\t\t<\/div>\n\t\t<\/div>\n\t\t\t\t\t<\/div>\n\t\t<\/section>\n\t\t\t\t<section class=\"elementor-section elementor-top-section elementor-element elementor-element-28cc436 elementor-section-boxed elementor-section-height-default elementor-section-height-default\" data-id=\"28cc436\" data-element_type=\"section\">\n\t\t\t\t\t\t<div class=\"elementor-container elementor-column-gap-default\">\n\t\t\t\t\t<div class=\"elementor-column elementor-col-100 elementor-top-column elementor-element elementor-element-ece2ff7\" data-id=\"ece2ff7\" data-element_type=\"column\">\n\t\t\t<div class=\"elementor-widget-wrap elementor-element-populated\">\n\t\t\t\t\t\t<div class=\"elementor-element elementor-element-590ec21 elementor-widget elementor-widget-text-editor\" data-id=\"590ec21\" data-element_type=\"widget\" data-widget_type=\"text-editor.default\">\n\t\t\t\t<div class=\"elementor-widget-container\">\n\t\t\t\t\t\t\t\t\t<p>Il s&#039;agit d&#039;un autre site Web avec des liens vers de nombreuses ressources Internet sur l&#039;histoire familiale. Il a des pages sp\u00e9cifiques au Canada et aux \u00c9tats-Unis. Le plan du site donne un tr\u00e8s bon aper\u00e7u des nombreux liens li\u00e9s \u00e0 la g\u00e9n\u00e9alogie disponibles sur Internet.<\/p><p>Voici l&#039;URL\u00a0:<br \/><a href=\"https:\/\/cyndislist.com\/\">https:\/\/cyndislist.com\/<\/a><br \/>Consult\u00e9 le 21 ao\u00fbt 2022<\/p>\t\t\t\t\t\t\t\t<\/div>\n\t\t\t\t<\/div>\n\t\t\t\t\t<\/div>\n\t\t<\/div>\n\t\t\t\t\t<\/div>\n\t\t<\/section>\n\t\t\t\t<section class=\"elementor-section elementor-top-section elementor-element elementor-element-b4e6465 elementor-section-boxed elementor-section-height-default elementor-section-height-default\" data-id=\"b4e6465\" data-element_type=\"section\">\n\t\t\t\t\t\t<div class=\"elementor-container elementor-column-gap-default\">\n\t\t\t\t\t<div class=\"elementor-column elementor-col-100 elementor-top-column elementor-element elementor-element-28cb968\" data-id=\"28cb968\" data-element_type=\"column\">\n\t\t\t<div class=\"elementor-widget-wrap elementor-element-populated\">\n\t\t\t\t\t\t<div class=\"elementor-element elementor-element-7630bd8 elementor-widget elementor-widget-image\" data-id=\"7630bd8\" data-element_type=\"widget\" data-widget_type=\"image.default\">\n\t\t\t\t<div class=\"elementor-widget-container\">\n\t\t\t\t\t\t\t\t\t\t\t\t\t\t\t<img loading=\"lazy\" decoding=\"async\" width=\"1024\" height=\"571\" src=\"https:\/\/ancestralfamilyfootprints.com\/wp-content\/uploads\/2022\/08\/Image-Family-Search-1024x571.png\" class=\"attachment-large size-large wp-image-2704\" alt=\"\" srcset=\"https:\/\/ancestralfamilyfootprints.com\/wp-content\/uploads\/2022\/08\/Image-Family-Search-1024x571.png 1024w, https:\/\/ancestralfamilyfootprints.com\/wp-content\/uploads\/2022\/08\/Image-Family-Search-300x167.png 300w, https:\/\/ancestralfamilyfootprints.com\/wp-content\/uploads\/2022\/08\/Image-Family-Search-768x429.png 768w, https:\/\/ancestralfamilyfootprints.com\/wp-content\/uploads\/2022\/08\/Image-Family-Search-18x10.png 18w, https:\/\/ancestralfamilyfootprints.com\/wp-content\/uploads\/2022\/08\/Image-Family-Search.png 1059w\" sizes=\"(max-width: 1024px) 100vw, 1024px\" \/>\t\t\t\t\t\t\t\t\t\t\t\t\t\t\t<\/div>\n\t\t\t\t<\/div>\n\t\t\t\t\t<\/div>\n\t\t<\/div>\n\t\t\t\t\t<\/div>\n\t\t<\/section>\n\t\t\t\t<section class=\"elementor-section elementor-top-section elementor-element elementor-element-296e617 elementor-section-boxed elementor-section-height-default elementor-section-height-default\" data-id=\"296e617\" data-element_type=\"section\">\n\t\t\t\t\t\t<div class=\"elementor-container elementor-column-gap-default\">\n\t\t\t\t\t<div class=\"elementor-column elementor-col-100 elementor-top-column elementor-element elementor-element-07cd432\" data-id=\"07cd432\" data-element_type=\"column\">\n\t\t\t<div class=\"elementor-widget-wrap elementor-element-populated\">\n\t\t\t\t\t\t<div class=\"elementor-element elementor-element-140d647 elementor-widget elementor-widget-text-editor\" data-id=\"140d647\" data-element_type=\"widget\" data-widget_type=\"text-editor.default\">\n\t\t\t\t<div class=\"elementor-widget-container\">\n\t\t\t\t\t\t\t\t\t<p>FamilySearch est une organisation internationale \u00e0 but non lucratif d\u00e9di\u00e9e \u00e0 aider toutes les personnes \u00e0 d\u00e9couvrir leur histoire familiale. Leur site internet est gratuit.<\/p><p>Les arbres g\u00e9n\u00e9alogiques sont construits en utilisant une approche collaborative, n&#039;importe qui peut ajouter des enregistrements ou r\u00e9viser ceux qui existent d\u00e9j\u00e0. La croyance est que plus vous avez de personnes travaillant sur votre arbre g\u00e9n\u00e9alogique, plus il grandira rapidement et plus il sera pr\u00e9cis.\u00a0<\/p><p>Voici mon opinion et mes points de vue sur cette approche : Pour maintenir l&#039;exactitude d&#039;un arbre g\u00e9n\u00e9alogique global, nous devons travailler ensemble et examiner et v\u00e9rifier les efforts de chacun. Parfois, des entr\u00e9es inexactes ou incorrectes sont faites lorsqu&#039;un historien de la famille inexp\u00e9riment\u00e9 est trop exub\u00e9rant avec cette nouvelle activit\u00e9. Malheureusement, les corrections ne sont pas toujours apport\u00e9es. La prudence s&#039;impose donc. Si vous examinez les enregistrements et qu&#039;ils semblent incoh\u00e9rents ou si vous avez des questions \u00e0 leur sujet, vous voudrez consulter d&#039;autres enregistrements et d&#039;autres sources et v\u00e9rifier les informations. Id\u00e9alement, vous corrigeriez alors le travail que d&#039;autres ont plac\u00e9 sur ce site.<\/p><p>En plus des arbres g\u00e9n\u00e9alogiques sur ce site Web, il existe une mine d&#039;informations sur la fa\u00e7on de rechercher votre histoire familiale en utilisant des ressources en ligne, en visitant un centre d&#039;histoire familiale ou \u00e0 la biblioth\u00e8que ou en vous rendant \u00e0 la biblioth\u00e8que d&#039;histoire familiale de renomm\u00e9e mondiale \u00e0 Salt Lake City. Des millions de documents historiques sont \u00e9galement disponibles en ligne sur le site Web.<\/p><p>Voici l&#039;URL\u00a0:<\/p><p>https:\/\/www.familysearch.org\/en\/ \u00e9galement disponible en fran\u00e7ais Consult\u00e9 le 21 ao\u00fbt 2022<\/p>\t\t\t\t\t\t\t\t<\/div>\n\t\t\t\t<\/div>\n\t\t\t\t\t<\/div>\n\t\t<\/div>\n\t\t\t\t\t<\/div>\n\t\t<\/section>\n\t\t\t\t<\/div>","protected":false},"excerpt":{"rendered":"<p>SITES INTERNET Il existe bien s\u00fbr de tr\u00e8s nombreux sites Internet proposant des informations g\u00e9n\u00e9alogiques et g\u00e9n\u00e9alogiques. Pour l&#039;historien familial canadien novice, un excellent site Web r\u00e9pertoriant des liens vers de nombreuses ressources int\u00e9ressantes est Can Genealogy, pr\u00e9par\u00e9 par David Obee (un journaliste et chercheur g\u00e9n\u00e9alogique r\u00e9put\u00e9) en collaboration avec de nombreux b\u00e9n\u00e9voles. Vous pouvez s\u00e9lectionner la province dans laquelle vous\u2026<\/p>\n<p class=\"read-more\"> <a class=\"\" href=\"https:\/\/ancestralfamilyfootprints.com\/fr\/internet-sites\/\"> <span class=\"screen-reader-text\">Sites internet<\/span> Lire la suite \u00bb<\/a><\/p>","protected":false},"author":1,"featured_media":0,"parent":0,"menu_order":0,"comment_status":"closed","ping_status":"closed","template":"","meta":{"site-sidebar-layout":"right-sidebar","site-content-layout":"plain-container","ast-global-header-display":"","ast-banner-title-visibility":"","ast-main-header-display":"","ast-hfb-above-header-display":"","ast-hfb-below-header-display":"","ast-hfb-mobile-header-display":"","site-post-title":"disabled","ast-breadcrumbs-content":"","ast-featured-img":"disabled","footer-sml-layout":"","theme-transparent-header-meta":"","adv-header-id-meta":"","stick-header-meta":"","header-above-stick-meta":"","header-main-stick-meta":"","header-below-stick-meta":"","footnotes":""},"class_list":["post-839","page","type-page","status-publish","hentry"],"aioseo_notices":[],"_links":{"self":[{"href":"https:\/\/ancestralfamilyfootprints.com\/fr\/wp-json\/wp\/v2\/pages\/839","targetHints":{"allow":["GET"]}}],"collection":[{"href":"https:\/\/ancestralfamilyfootprints.com\/fr\/wp-json\/wp\/v2\/pages"}],"about":[{"href":"https:\/\/ancestralfamilyfootprints.com\/fr\/wp-json\/wp\/v2\/types\/page"}],"author":[{"embeddable":true,"href":"https:\/\/ancestralfamilyfootprints.com\/fr\/wp-json\/wp\/v2\/users\/1"}],"replies":[{"embeddable":true,"href":"https:\/\/ancestralfamilyfootprints.com\/fr\/wp-json\/wp\/v2\/comments?post=839"}],"version-history":[{"count":22,"href":"https:\/\/ancestralfamilyfootprints.com\/fr\/wp-json\/wp\/v2\/pages\/839\/revisions"}],"predecessor-version":[{"id":3153,"href":"https:\/\/ancestralfamilyfootprints.com\/fr\/wp-json\/wp\/v2\/pages\/839\/revisions\/3153"}],"wp:attachment":[{"href":"https:\/\/ancestralfamilyfootprints.com\/fr\/wp-json\/wp\/v2\/media?parent=839"}],"curies":[{"name":"wp","href":"https:\/\/api.w.org\/{rel}","templated":true}]}}