{"id":825,"date":"2022-01-24T11:53:20","date_gmt":"2022-01-24T19:53:20","guid":{"rendered":"https:\/\/ancestralfamilyfootprints.com\/?page_id=825"},"modified":"2023-10-29T12:25:43","modified_gmt":"2023-10-29T19:25:43","slug":"21st-century-quebec-footprints","status":"publish","type":"page","link":"https:\/\/ancestralfamilyfootprints.com\/fr\/21st-century-quebec-footprints\/","title":{"rendered":"Empreintes qu\u00e9b\u00e9coises du 21e si\u00e8cle"},"content":{"rendered":"<div data-elementor-type=\"wp-page\" data-elementor-id=\"825\" class=\"elementor elementor-825\">\n\t\t\t\t\t\t<section class=\"elementor-section elementor-top-section elementor-element elementor-element-8906734 elementor-section-boxed elementor-section-height-default elementor-section-height-default\" data-id=\"8906734\" data-element_type=\"section\">\n\t\t\t\t\t\t<div class=\"elementor-container elementor-column-gap-default\">\n\t\t\t\t\t<div class=\"elementor-column elementor-col-100 elementor-top-column elementor-element elementor-element-6ddd69b\" data-id=\"6ddd69b\" data-element_type=\"column\">\n\t\t\t<div class=\"elementor-widget-wrap elementor-element-populated\">\n\t\t\t\t\t\t<div class=\"elementor-element elementor-element-9eeb62b elementor-widget elementor-widget-heading\" data-id=\"9eeb62b\" data-element_type=\"widget\" data-widget_type=\"heading.default\">\n\t\t\t\t<div class=\"elementor-widget-container\">\n\t\t\t\t\t<h2 class=\"elementor-heading-title elementor-size-default\">EMPREINTES QU\u00c9B\u00c9COISES DU 21e SI\u00c8CLE<\/h2>\t\t\t\t<\/div>\n\t\t\t\t<\/div>\n\t\t\t\t\t<\/div>\n\t\t<\/div>\n\t\t\t\t\t<\/div>\n\t\t<\/section>\n\t\t\t\t<section class=\"elementor-section elementor-top-section elementor-element elementor-element-be1744f elementor-section-boxed elementor-section-height-default elementor-section-height-default\" data-id=\"be1744f\" data-element_type=\"section\">\n\t\t\t\t\t\t<div class=\"elementor-container elementor-column-gap-default\">\n\t\t\t\t\t<div class=\"elementor-column elementor-col-100 elementor-top-column elementor-element elementor-element-c8f0783\" data-id=\"c8f0783\" data-element_type=\"column\">\n\t\t\t<div class=\"elementor-widget-wrap elementor-element-populated\">\n\t\t\t\t\t\t<div class=\"elementor-element elementor-element-36337c1 elementor-widget elementor-widget-text-editor\" data-id=\"36337c1\" data-element_type=\"widget\" data-widget_type=\"text-editor.default\">\n\t\t\t\t<div class=\"elementor-widget-container\">\n\t\t\t\t\t\t\t\t\t<p>J&#039;ai voyag\u00e9 \u00e0 Montr\u00e9al, Qu\u00e9bec en septembre 2021. Certains de mes anc\u00eatres ont v\u00e9cu sur l&#039;\u00eele de Montr\u00e9al pendant pr\u00e8s de 200 ans. C&#039;\u00e9tait mon premier voyage au Qu\u00e9bec pour faire des empreintes ancestrales et la semaine que j&#039;ai pass\u00e9e \u00e0 Montr\u00e9al est pass\u00e9e tr\u00e8s vite.\u00a0\u00a0<\/p><p>\u00c0 Lachine (un arrondissement de la ville de Montr\u00e9al) mes pas se sont faits le long du fleuve Saint-Laurent depuis le lieu historique national de la traite des fourrures jusqu&#039;au site de la propri\u00e9t\u00e9 de Fran\u00e7ois Meloche, mon 6e arri\u00e8re-grand-p\u00e8re, soit une distance d&#039;environ 5km.\u00a0\u00a0<\/p><p>\u00c0 Montr\u00e9al, mes pas comprenaient une visite au Mus\u00e9e Pointe-\u00e0-Calli\u00e8re qui pr\u00e9sente une magnifique exposition sur la fondation de Montr\u00e9al et son histoire au fil des si\u00e8cles. Le mus\u00e9e et la chapelle Marguerite Bourgeoys m&#039;ont inspir\u00e9 \u00e0 suivre ses traces dans le Vieux-Montr\u00e9al, sachant que mon a\u00efeule Jeanne Loisel qui a \u00e9pous\u00e9 mon 8e arri\u00e8re-grand-p\u00e8re Jean Beauchamp avait \u00e9t\u00e9 l&#039;une de ses premi\u00e8res \u00e9l\u00e8ves. J&#039;ai aussi pass\u00e9 du temps au Ch\u00e2teau Ramezay qui est un autre mus\u00e9e qui documente plus de 500 ans d&#039;histoire de Montr\u00e9al. Des visites de recherche ont \u00e9galement \u00e9t\u00e9 effectu\u00e9es \u00e0 la Biblioth\u00e8que de BAnQ et \u00e0 BAnQ Vieux-Montr\u00e9al. J&#039;ai pu effectuer des recherches dans la base de donn\u00e9es Parchemin et obtenir plus de 200 extraits notari\u00e9s pertinents \u00e0 mon ascendance.\u00a0\u00a0<\/p><p>Le dernier endroit que j&#039;ai pu visiter \u00e9tait \u00e0 Point-Aux-Trembles qui fait maintenant partie de la grande ville de Montr\u00e9al. Une grande partie de mon temps ici a \u00e9t\u00e9 consacr\u00e9e \u00e0 leur mus\u00e9e d&#039;histoire qui pr\u00e9sente de nombreux panneaux d&#039;affichage et un mod\u00e8le du fort construit \u00e0 la fin du 17\u00e8me si\u00e8cle.\u00a0\u00a0<\/p><p>Vous trouverez ci-dessous des pr\u00e9sentations sur les empreintes familiales ancestrales que j&#039;ai r\u00e9alis\u00e9es au Qu\u00e9bec jusqu&#039;\u00e0 pr\u00e9sent. Pour acc\u00e9der \u00e0 la pr\u00e9sentation, cliquez simplement sur le bouton marron, la pr\u00e9sentation s&#039;ouvrira dans une nouvelle fen\u00eatre.<\/p>\t\t\t\t\t\t\t\t<\/div>\n\t\t\t\t<\/div>\n\t\t\t\t\t<\/div>\n\t\t<\/div>\n\t\t\t\t\t<\/div>\n\t\t<\/section>\n\t\t\t\t<section class=\"elementor-section elementor-top-section elementor-element elementor-element-aafab88 elementor-section-boxed elementor-section-height-default elementor-section-height-default\" data-id=\"aafab88\" data-element_type=\"section\">\n\t\t\t\t\t\t<div class=\"elementor-container elementor-column-gap-default\">\n\t\t\t\t\t<div class=\"elementor-column elementor-col-100 elementor-top-column elementor-element elementor-element-2f18f4d\" data-id=\"2f18f4d\" data-element_type=\"column\">\n\t\t\t<div class=\"elementor-widget-wrap elementor-element-populated\">\n\t\t\t\t\t\t<div class=\"elementor-element elementor-element-0194a9a elementor-widget elementor-widget-heading\" data-id=\"0194a9a\" data-element_type=\"widget\" data-widget_type=\"heading.default\">\n\t\t\t\t<div class=\"elementor-widget-container\">\n\t\t\t\t\t<h2 class=\"elementor-heading-title elementor-size-default\">LACHINE<\/h2>\t\t\t\t<\/div>\n\t\t\t\t<\/div>\n\t\t\t\t\t<\/div>\n\t\t<\/div>\n\t\t\t\t\t<\/div>\n\t\t<\/section>\n\t\t\t\t<section class=\"elementor-section elementor-top-section elementor-element elementor-element-c8546e2 elementor-section-boxed elementor-section-height-default elementor-section-height-default\" data-id=\"c8546e2\" data-element_type=\"section\" data-settings=\"{&quot;background_background&quot;:&quot;classic&quot;}\">\n\t\t\t\t\t\t<div class=\"elementor-container elementor-column-gap-default\">\n\t\t\t\t\t<div class=\"elementor-column elementor-col-25 elementor-top-column elementor-element elementor-element-bfcab97\" data-id=\"bfcab97\" data-element_type=\"column\">\n\t\t\t<div class=\"elementor-widget-wrap\">\n\t\t\t\t\t\t\t<\/div>\n\t\t<\/div>\n\t\t\t\t<div class=\"elementor-column elementor-col-25 elementor-top-column elementor-element elementor-element-6aa3e80b\" data-id=\"6aa3e80b\" data-element_type=\"column\">\n\t\t\t<div class=\"elementor-widget-wrap elementor-element-populated\">\n\t\t\t\t\t\t<div class=\"elementor-element elementor-element-7cc34414 elementor-widget elementor-widget-image\" data-id=\"7cc34414\" data-element_type=\"widget\" data-widget_type=\"image.default\">\n\t\t\t\t<div class=\"elementor-widget-container\">\n\t\t\t\t\t\t\t\t\t\t\t\t\t\t\t<img fetchpriority=\"high\" decoding=\"async\" width=\"1024\" height=\"566\" src=\"https:\/\/ancestralfamilyfootprints.com\/wp-content\/uploads\/2022\/08\/Image-Lachine-pdf-1024x566.png\" class=\"attachment-large size-large wp-image-2579\" alt=\"\" srcset=\"https:\/\/ancestralfamilyfootprints.com\/wp-content\/uploads\/2022\/08\/Image-Lachine-pdf-1024x566.png 1024w, https:\/\/ancestralfamilyfootprints.com\/wp-content\/uploads\/2022\/08\/Image-Lachine-pdf-300x166.png 300w, https:\/\/ancestralfamilyfootprints.com\/wp-content\/uploads\/2022\/08\/Image-Lachine-pdf-768x424.png 768w, https:\/\/ancestralfamilyfootprints.com\/wp-content\/uploads\/2022\/08\/Image-Lachine-pdf-18x10.png 18w, https:\/\/ancestralfamilyfootprints.com\/wp-content\/uploads\/2022\/08\/Image-Lachine-pdf.png 1282w\" sizes=\"(max-width: 1024px) 100vw, 1024px\" \/>\t\t\t\t\t\t\t\t\t\t\t\t\t\t\t<\/div>\n\t\t\t\t<\/div>\n\t\t\t\t\t<\/div>\n\t\t<\/div>\n\t\t\t\t<div class=\"elementor-column elementor-col-25 elementor-top-column elementor-element elementor-element-d61d16d\" data-id=\"d61d16d\" data-element_type=\"column\">\n\t\t\t<div class=\"elementor-widget-wrap elementor-element-populated\">\n\t\t\t\t\t\t<div class=\"elementor-element elementor-element-76bfb088 elementor-widget elementor-widget-button\" data-id=\"76bfb088\" data-element_type=\"widget\" data-widget_type=\"button.default\">\n\t\t\t\t<div class=\"elementor-widget-container\">\n\t\t\t\t\t\t\t\t\t<div class=\"elementor-button-wrapper\">\n\t\t\t\t\t<a class=\"elementor-button elementor-button-link elementor-size-sm\" href=\"https:\/\/ancestralfamilyfootprints.com\/wp-content\/uploads\/2022\/08\/CHEMINS-DU-LACHINE.pdf\" target=\"_blank\">\n\t\t\t\t\t\t<span class=\"elementor-button-content-wrapper\">\n\t\t\t\t\t\t<span class=\"elementor-button-icon\">\n\t\t\t\t<i aria-hidden=\"true\" class=\"far fa-file-pdf\"><\/i>\t\t\t<\/span>\n\t\t\t\t\t\t\t\t\t<span class=\"elementor-button-text\">Chemins du Lachine<\/span>\n\t\t\t\t\t<\/span>\n\t\t\t\t\t<\/a>\n\t\t\t\t<\/div>\n\t\t\t\t\t\t\t\t<\/div>\n\t\t\t\t<\/div>\n\t\t\t\t<div class=\"elementor-element elementor-element-15beaa7b elementor-widget elementor-widget-text-editor\" data-id=\"15beaa7b\" data-element_type=\"widget\" data-widget_type=\"text-editor.default\">\n\t\t\t\t<div class=\"elementor-widget-container\">\n\t\t\t\t\t\t\t\t\t<p>Sur les traces de mon anc\u00eatre Fran\u00e7ois Meloche, mon 6e arri\u00e8re grand-p\u00e8re.<\/p>\t\t\t\t\t\t\t\t<\/div>\n\t\t\t\t<\/div>\n\t\t\t\t\t<\/div>\n\t\t<\/div>\n\t\t\t\t<div class=\"elementor-column elementor-col-25 elementor-top-column elementor-element elementor-element-2731a751\" data-id=\"2731a751\" data-element_type=\"column\">\n\t\t\t<div class=\"elementor-widget-wrap\">\n\t\t\t\t\t\t\t<\/div>\n\t\t<\/div>\n\t\t\t\t\t<\/div>\n\t\t<\/section>\n\t\t\t\t<section class=\"elementor-section elementor-top-section elementor-element elementor-element-ef38bc8 elementor-section-boxed elementor-section-height-default elementor-section-height-default\" data-id=\"ef38bc8\" data-element_type=\"section\">\n\t\t\t\t\t\t<div class=\"elementor-container elementor-column-gap-default\">\n\t\t\t\t\t<div class=\"elementor-column elementor-col-100 elementor-top-column elementor-element elementor-element-1597735\" data-id=\"1597735\" data-element_type=\"column\">\n\t\t\t<div class=\"elementor-widget-wrap elementor-element-populated\">\n\t\t\t\t\t\t<div class=\"elementor-element elementor-element-af3bdb3 elementor-widget elementor-widget-heading\" data-id=\"af3bdb3\" data-element_type=\"widget\" data-widget_type=\"heading.default\">\n\t\t\t\t<div class=\"elementor-widget-container\">\n\t\t\t\t\t<h2 class=\"elementor-heading-title elementor-size-default\">MONTR\u00c9AL<\/h2>\t\t\t\t<\/div>\n\t\t\t\t<\/div>\n\t\t\t\t\t<\/div>\n\t\t<\/div>\n\t\t\t\t\t<\/div>\n\t\t<\/section>\n\t\t\t\t<section class=\"elementor-section elementor-top-section elementor-element elementor-element-75ead038 elementor-section-boxed elementor-section-height-default elementor-section-height-default\" data-id=\"75ead038\" data-element_type=\"section\" data-settings=\"{&quot;background_background&quot;:&quot;classic&quot;}\">\n\t\t\t\t\t\t<div class=\"elementor-container elementor-column-gap-default\">\n\t\t\t\t\t<div class=\"elementor-column elementor-col-25 elementor-top-column elementor-element elementor-element-467ddec0\" data-id=\"467ddec0\" data-element_type=\"column\">\n\t\t\t<div class=\"elementor-widget-wrap\">\n\t\t\t\t\t\t\t<\/div>\n\t\t<\/div>\n\t\t\t\t<div class=\"elementor-column elementor-col-25 elementor-top-column elementor-element elementor-element-166ed991\" data-id=\"166ed991\" data-element_type=\"column\">\n\t\t\t<div class=\"elementor-widget-wrap elementor-element-populated\">\n\t\t\t\t\t\t<div class=\"elementor-element elementor-element-3d285d60 elementor-widget elementor-widget-image\" data-id=\"3d285d60\" data-element_type=\"widget\" data-widget_type=\"image.default\">\n\t\t\t\t<div class=\"elementor-widget-container\">\n\t\t\t\t\t\t\t\t\t\t\t\t\t\t\t<img decoding=\"async\" width=\"1024\" height=\"575\" src=\"https:\/\/ancestralfamilyfootprints.com\/wp-content\/uploads\/2022\/08\/Image-Montreal-pdf-1024x575.png\" class=\"attachment-large size-large wp-image-2581\" alt=\"\" srcset=\"https:\/\/ancestralfamilyfootprints.com\/wp-content\/uploads\/2022\/08\/Image-Montreal-pdf-1024x575.png 1024w, https:\/\/ancestralfamilyfootprints.com\/wp-content\/uploads\/2022\/08\/Image-Montreal-pdf-300x168.png 300w, https:\/\/ancestralfamilyfootprints.com\/wp-content\/uploads\/2022\/08\/Image-Montreal-pdf-768x431.png 768w, https:\/\/ancestralfamilyfootprints.com\/wp-content\/uploads\/2022\/08\/Image-Montreal-pdf-18x10.png 18w, https:\/\/ancestralfamilyfootprints.com\/wp-content\/uploads\/2022\/08\/Image-Montreal-pdf.png 1269w\" sizes=\"(max-width: 1024px) 100vw, 1024px\" \/>\t\t\t\t\t\t\t\t\t\t\t\t\t\t\t<\/div>\n\t\t\t\t<\/div>\n\t\t\t\t\t<\/div>\n\t\t<\/div>\n\t\t\t\t<div class=\"elementor-column elementor-col-25 elementor-top-column elementor-element elementor-element-1792db05\" data-id=\"1792db05\" data-element_type=\"column\">\n\t\t\t<div class=\"elementor-widget-wrap elementor-element-populated\">\n\t\t\t\t\t\t<div class=\"elementor-element elementor-element-2c9597b2 elementor-widget elementor-widget-button\" data-id=\"2c9597b2\" data-element_type=\"widget\" data-widget_type=\"button.default\">\n\t\t\t\t<div class=\"elementor-widget-container\">\n\t\t\t\t\t\t\t\t\t<div class=\"elementor-button-wrapper\">\n\t\t\t\t\t<a class=\"elementor-button elementor-button-link elementor-size-sm\" href=\"https:\/\/ancestralfamilyfootprints.com\/wp-content\/uploads\/2022\/08\/CHEMINS-DU-MONTREALv3.pdf\" target=\"_blank\">\n\t\t\t\t\t\t<span class=\"elementor-button-content-wrapper\">\n\t\t\t\t\t\t<span class=\"elementor-button-icon\">\n\t\t\t\t<i aria-hidden=\"true\" class=\"far fa-file-pdf\"><\/i>\t\t\t<\/span>\n\t\t\t\t\t\t\t\t\t<span class=\"elementor-button-text\">Chemins de Montr\u00e9al<\/span>\n\t\t\t\t\t<\/span>\n\t\t\t\t\t<\/a>\n\t\t\t\t<\/div>\n\t\t\t\t\t\t\t\t<\/div>\n\t\t\t\t<\/div>\n\t\t\t\t<div class=\"elementor-element elementor-element-25e3f8dd elementor-widget elementor-widget-text-editor\" data-id=\"25e3f8dd\" data-element_type=\"widget\" data-widget_type=\"text-editor.default\">\n\t\t\t\t<div class=\"elementor-widget-container\">\n\t\t\t\t\t\t\t\t\t<p>Sur les traces de mon a\u00efeule Jeanne Loisel qui a \u00e9pous\u00e9 mon 8\u00e8me arri\u00e8re grand-p\u00e8re Jean Beauchamp.<\/p>\t\t\t\t\t\t\t\t<\/div>\n\t\t\t\t<\/div>\n\t\t\t\t\t<\/div>\n\t\t<\/div>\n\t\t\t\t<div class=\"elementor-column elementor-col-25 elementor-top-column elementor-element elementor-element-4a9d8cad\" data-id=\"4a9d8cad\" data-element_type=\"column\">\n\t\t\t<div class=\"elementor-widget-wrap\">\n\t\t\t\t\t\t\t<\/div>\n\t\t<\/div>\n\t\t\t\t\t<\/div>\n\t\t<\/section>\n\t\t\t\t<section class=\"elementor-section elementor-top-section elementor-element elementor-element-fad9631 elementor-section-boxed elementor-section-height-default elementor-section-height-default\" data-id=\"fad9631\" data-element_type=\"section\">\n\t\t\t\t\t\t<div class=\"elementor-container elementor-column-gap-default\">\n\t\t\t\t\t<div class=\"elementor-column elementor-col-100 elementor-top-column elementor-element elementor-element-7bd620e\" data-id=\"7bd620e\" data-element_type=\"column\">\n\t\t\t<div class=\"elementor-widget-wrap elementor-element-populated\">\n\t\t\t\t\t\t<div class=\"elementor-element elementor-element-13a2ee2 elementor-widget elementor-widget-heading\" data-id=\"13a2ee2\" data-element_type=\"widget\" data-widget_type=\"heading.default\">\n\t\t\t\t<div class=\"elementor-widget-container\">\n\t\t\t\t\t<h2 class=\"elementor-heading-title elementor-size-default\">POINTE-AUX-TREMBLES<\/h2>\t\t\t\t<\/div>\n\t\t\t\t<\/div>\n\t\t\t\t\t<\/div>\n\t\t<\/div>\n\t\t\t\t\t<\/div>\n\t\t<\/section>\n\t\t\t\t<section class=\"elementor-section elementor-top-section elementor-element elementor-element-3f58aac6 elementor-section-boxed elementor-section-height-default elementor-section-height-default\" data-id=\"3f58aac6\" data-element_type=\"section\" data-settings=\"{&quot;background_background&quot;:&quot;classic&quot;}\">\n\t\t\t\t\t\t<div class=\"elementor-container elementor-column-gap-default\">\n\t\t\t\t\t<div class=\"elementor-column elementor-col-25 elementor-top-column elementor-element elementor-element-585845c5\" data-id=\"585845c5\" data-element_type=\"column\">\n\t\t\t<div class=\"elementor-widget-wrap\">\n\t\t\t\t\t\t\t<\/div>\n\t\t<\/div>\n\t\t\t\t<div class=\"elementor-column elementor-col-25 elementor-top-column elementor-element elementor-element-13f088e3\" data-id=\"13f088e3\" data-element_type=\"column\">\n\t\t\t<div class=\"elementor-widget-wrap elementor-element-populated\">\n\t\t\t\t\t\t<div class=\"elementor-element elementor-element-6b954597 elementor-widget elementor-widget-image\" data-id=\"6b954597\" data-element_type=\"widget\" data-widget_type=\"image.default\">\n\t\t\t\t<div class=\"elementor-widget-container\">\n\t\t\t\t\t\t\t\t\t\t\t\t\t\t\t<img decoding=\"async\" width=\"1024\" height=\"580\" src=\"https:\/\/ancestralfamilyfootprints.com\/wp-content\/uploads\/2022\/08\/Image-Point-Aux-Trembles-pdf-1024x580.png\" class=\"attachment-large size-large wp-image-2606\" alt=\"\" srcset=\"https:\/\/ancestralfamilyfootprints.com\/wp-content\/uploads\/2022\/08\/Image-Point-Aux-Trembles-pdf-1024x580.png 1024w, https:\/\/ancestralfamilyfootprints.com\/wp-content\/uploads\/2022\/08\/Image-Point-Aux-Trembles-pdf-300x170.png 300w, https:\/\/ancestralfamilyfootprints.com\/wp-content\/uploads\/2022\/08\/Image-Point-Aux-Trembles-pdf-768x435.png 768w, https:\/\/ancestralfamilyfootprints.com\/wp-content\/uploads\/2022\/08\/Image-Point-Aux-Trembles-pdf-18x10.png 18w, https:\/\/ancestralfamilyfootprints.com\/wp-content\/uploads\/2022\/08\/Image-Point-Aux-Trembles-pdf.png 1272w\" sizes=\"(max-width: 1024px) 100vw, 1024px\" \/>\t\t\t\t\t\t\t\t\t\t\t\t\t\t\t<\/div>\n\t\t\t\t<\/div>\n\t\t\t\t\t<\/div>\n\t\t<\/div>\n\t\t\t\t<div class=\"elementor-column elementor-col-25 elementor-top-column elementor-element elementor-element-34183086\" data-id=\"34183086\" data-element_type=\"column\">\n\t\t\t<div class=\"elementor-widget-wrap elementor-element-populated\">\n\t\t\t\t\t\t<div class=\"elementor-element elementor-element-6babdd9e elementor-widget elementor-widget-button\" data-id=\"6babdd9e\" data-element_type=\"widget\" data-widget_type=\"button.default\">\n\t\t\t\t<div class=\"elementor-widget-container\">\n\t\t\t\t\t\t\t\t\t<div class=\"elementor-button-wrapper\">\n\t\t\t\t\t<a class=\"elementor-button elementor-button-link elementor-size-sm\" href=\"https:\/\/ancestralfamilyfootprints.com\/wp-content\/uploads\/2022\/08\/CHEMINS-DU-POINTE-AUX-TREMBLESv2.pdf\" target=\"_blank\">\n\t\t\t\t\t\t<span class=\"elementor-button-content-wrapper\">\n\t\t\t\t\t\t<span class=\"elementor-button-icon\">\n\t\t\t\t<i aria-hidden=\"true\" class=\"far fa-file-pdf\"><\/i>\t\t\t<\/span>\n\t\t\t\t\t\t\t\t\t<span class=\"elementor-button-text\">Chemins du Pointe-Aux-Trembles<\/span>\n\t\t\t\t\t<\/span>\n\t\t\t\t\t<\/a>\n\t\t\t\t<\/div>\n\t\t\t\t\t\t\t\t<\/div>\n\t\t\t\t<\/div>\n\t\t\t\t<div class=\"elementor-element elementor-element-52aed74d elementor-widget elementor-widget-text-editor\" data-id=\"52aed74d\" data-element_type=\"widget\" data-widget_type=\"text-editor.default\">\n\t\t\t\t<div class=\"elementor-widget-container\">\n\t\t\t\t\t\t\t\t\t<p>Sur les traces de mon 8e arri\u00e8re-grand-p\u00e8re Jean Beauchamp et de ma 9e arri\u00e8re-grand-m\u00e8re Fran\u00e7oise Hurteau.<\/p>\t\t\t\t\t\t\t\t<\/div>\n\t\t\t\t<\/div>\n\t\t\t\t\t<\/div>\n\t\t<\/div>\n\t\t\t\t<div class=\"elementor-column elementor-col-25 elementor-top-column elementor-element elementor-element-196c2c6f\" data-id=\"196c2c6f\" data-element_type=\"column\">\n\t\t\t<div class=\"elementor-widget-wrap\">\n\t\t\t\t\t\t\t<\/div>\n\t\t<\/div>\n\t\t\t\t\t<\/div>\n\t\t<\/section>\n\t\t\t\t<\/div>","protected":false},"excerpt":{"rendered":"<p>EMPREINTES QU\u00c9B\u00c9COISES DU 21e SI\u00c8CLE J&#039;ai voyag\u00e9 \u00e0 Montr\u00e9al, Qu\u00e9bec, en septembre 2021. Certains de mes anc\u00eatres ont v\u00e9cu sur l&#039;\u00cele de Montr\u00e9al pendant pr\u00e8s de 200 ans. C&#039;\u00e9tait mon premier voyage au Qu\u00e9bec pour faire des empreintes ancestrales et la semaine que j&#039;ai pass\u00e9e \u00e0 Montr\u00e9al est pass\u00e9e tr\u00e8s vite. \u00c0 Lachine (un arrondissement de la ville de \u2026<\/p>\n<p class=\"read-more\"> <a class=\"\" href=\"https:\/\/ancestralfamilyfootprints.com\/fr\/21st-century-quebec-footprints\/\"> <span class=\"screen-reader-text\">Empreintes qu\u00e9b\u00e9coises du 21e si\u00e8cle<\/span> Lire la suite \u00bb<\/a><\/p>","protected":false},"author":1,"featured_media":0,"parent":0,"menu_order":0,"comment_status":"open","ping_status":"closed","template":"","meta":{"site-sidebar-layout":"right-sidebar","site-content-layout":"plain-container","ast-global-header-display":"","ast-banner-title-visibility":"","ast-main-header-display":"","ast-hfb-above-header-display":"","ast-hfb-below-header-display":"","ast-hfb-mobile-header-display":"","site-post-title":"disabled","ast-breadcrumbs-content":"","ast-featured-img":"disabled","footer-sml-layout":"","theme-transparent-header-meta":"enabled","adv-header-id-meta":"","stick-header-meta":"","header-above-stick-meta":"","header-main-stick-meta":"","header-below-stick-meta":"","footnotes":""},"class_list":["post-825","page","type-page","status-publish","hentry"],"aioseo_notices":[],"_links":{"self":[{"href":"https:\/\/ancestralfamilyfootprints.com\/fr\/wp-json\/wp\/v2\/pages\/825","targetHints":{"allow":["GET"]}}],"collection":[{"href":"https:\/\/ancestralfamilyfootprints.com\/fr\/wp-json\/wp\/v2\/pages"}],"about":[{"href":"https:\/\/ancestralfamilyfootprints.com\/fr\/wp-json\/wp\/v2\/types\/page"}],"author":[{"embeddable":true,"href":"https:\/\/ancestralfamilyfootprints.com\/fr\/wp-json\/wp\/v2\/users\/1"}],"replies":[{"embeddable":true,"href":"https:\/\/ancestralfamilyfootprints.com\/fr\/wp-json\/wp\/v2\/comments?post=825"}],"version-history":[{"count":51,"href":"https:\/\/ancestralfamilyfootprints.com\/fr\/wp-json\/wp\/v2\/pages\/825\/revisions"}],"predecessor-version":[{"id":3905,"href":"https:\/\/ancestralfamilyfootprints.com\/fr\/wp-json\/wp\/v2\/pages\/825\/revisions\/3905"}],"wp:attachment":[{"href":"https:\/\/ancestralfamilyfootprints.com\/fr\/wp-json\/wp\/v2\/media?parent=825"}],"curies":[{"name":"wp","href":"https:\/\/api.w.org\/{rel}","templated":true}]}}