{"id":679,"date":"2022-01-22T10:58:11","date_gmt":"2022-01-22T18:58:11","guid":{"rendered":"https:\/\/ancestralfamilyfootprints.com\/?page_id=679"},"modified":"2023-10-29T12:26:34","modified_gmt":"2023-10-29T19:26:34","slug":"about-me","status":"publish","type":"page","link":"https:\/\/ancestralfamilyfootprints.com\/fr\/about-me\/","title":{"rendered":"\u00c0 propos de moi"},"content":{"rendered":"<div data-elementor-type=\"wp-page\" data-elementor-id=\"679\" class=\"elementor elementor-679\">\n\t\t\t\t\t\t<section class=\"elementor-section elementor-top-section elementor-element elementor-element-1a2620a elementor-section-boxed elementor-section-height-default elementor-section-height-default\" data-id=\"1a2620a\" data-element_type=\"section\">\n\t\t\t\t\t\t<div class=\"elementor-container elementor-column-gap-default\">\n\t\t\t\t\t<div class=\"elementor-column elementor-col-100 elementor-top-column elementor-element elementor-element-e0207df\" data-id=\"e0207df\" data-element_type=\"column\">\n\t\t\t<div class=\"elementor-widget-wrap elementor-element-populated\">\n\t\t\t\t\t\t<div class=\"elementor-element elementor-element-d506e25 elementor-widget elementor-widget-text-editor\" data-id=\"d506e25\" data-element_type=\"widget\" data-widget_type=\"text-editor.default\">\n\t\t\t\t<div class=\"elementor-widget-container\">\n\t\t\t\t\t\t\t\t\t<p><strong>\u00c0 propos de moi<\/strong><\/p><p>Je suis n\u00e9 et j&#039;ai grandi \u00e0 Vancouver, en Colombie-Britannique. En tant que Canadien de l&#039;Ouest, je parle anglais. En tant que fi\u00e8re descendante canadienne-fran\u00e7aise, je peux lire le fran\u00e7ais, mais je viens tout juste d&#039;apprendre \u00e0 le parler.<\/p><p>Le long voyage de ma vie comprenait le d\u00e9part de la c\u00f4te ouest de la Colombie-Britannique en tant que jeune mari\u00e9e de 22 ans. En tant que foresti\u00e8re, comptable et m\u00e8re de 2 belles filles, j&#039;ai v\u00e9cu dans la vall\u00e9e de l&#039;Okanagan en Colombie-Britannique, puis dans le nord de l&#039;Alberta. En 2005, je suis retourn\u00e9 sur la c\u00f4te ouest pour vivre \u00e0 Victoria sur l&#039;\u00eele de Vancouver, pr\u00e8s de 30 ans apr\u00e8s avoir quitt\u00e9 Vancouver.<\/p><p>Mon amour du plein air ainsi que la marche et les voyages de longue distance se sont maintenant combin\u00e9s \u00e0 une passion pour mes anc\u00eatres familiaux.<\/p><p>J&#039;ai pris ma retraite en 2016 et mes voyages ont inclus de longues marches en Italie, en Australie, en Espagne, en Angleterre et en Inde.\u00a0\u00a0<\/p><p>Depuis 2018 j&#039;ai ajout\u00e9 un th\u00e8me ancestral \u00e0 mes aventures p\u00e9destres en France et au Qu\u00e9bec. Marcher sur les traces de mes anc\u00eatres a \u00e9t\u00e9 joyeux et fascinant. Je suppose que vous pourriez dire que j&#039;ai pleinement adh\u00e9r\u00e9 \u00e0 l&#039;id\u00e9e mise en avant dans &quot;Ces Villes et villages de France&quot; de marcher et de comm\u00e9morer les lieux de notre histoire ancestrale.<\/p><p>En plus de la marche ancestrale longue distance, j&#039;ai recherch\u00e9 et document\u00e9 mes anc\u00eatres familiaux au cours des 4 derni\u00e8res ann\u00e9es en utilisant les nombreuses ressources disponibles sur Internet. L&#039;automne dernier (septembre 2021) j&#039;ai visit\u00e9 la Grande Biblioth\u00e8que de BAnQ et le Vieux-Montr\u00e9al de BAnQ lors d&#039;un passage \u00e0 Montr\u00e9al. Je me consid\u00e8re chanceuse d&#039;\u00eatre canadienne-fran\u00e7aise car il existe de nombreux documents et de nombreuses informations facilement disponibles.<\/p>\t\t\t\t\t\t\t\t<\/div>\n\t\t\t\t<\/div>\n\t\t\t\t\t<\/div>\n\t\t<\/div>\n\t\t\t\t\t<\/div>\n\t\t<\/section>\n\t\t\t\t<\/div>","protected":false},"excerpt":{"rendered":"<p>\u00c0 propos de moi Je suis n\u00e9 et j&#039;ai grandi \u00e0 Vancouver, en Colombie-Britannique. En tant que Canadien de l&#039;Ouest, je parle anglais. En tant que fier descendant canadien-fran\u00e7ais, je peux lire le fran\u00e7ais, mais je viens tout juste d\u2019apprendre \u00e0 le parler. Le voyage de ma vie a consist\u00e9 \u00e0 quitter la c\u00f4te ouest de la Colombie-Britannique en tant que jeune mari\u00e9e de 22 ans. En tant que foresti\u00e8re, comptable\u2026<\/p>\n<p class=\"read-more\"> <a class=\"\" href=\"https:\/\/ancestralfamilyfootprints.com\/fr\/about-me\/\"> <span class=\"screen-reader-text\">\u00c0 propos de moi<\/span> Lire la suite \u00bb<\/a><\/p>","protected":false},"author":1,"featured_media":0,"parent":0,"menu_order":0,"comment_status":"open","ping_status":"closed","template":"","meta":{"site-sidebar-layout":"right-sidebar","site-content-layout":"plain-container","ast-global-header-display":"","ast-banner-title-visibility":"","ast-main-header-display":"","ast-hfb-above-header-display":"","ast-hfb-below-header-display":"","ast-hfb-mobile-header-display":"","site-post-title":"disabled","ast-breadcrumbs-content":"","ast-featured-img":"disabled","footer-sml-layout":"","theme-transparent-header-meta":"","adv-header-id-meta":"","stick-header-meta":"","header-above-stick-meta":"","header-main-stick-meta":"","header-below-stick-meta":"","footnotes":""},"class_list":["post-679","page","type-page","status-publish","hentry"],"aioseo_notices":[],"_links":{"self":[{"href":"https:\/\/ancestralfamilyfootprints.com\/fr\/wp-json\/wp\/v2\/pages\/679","targetHints":{"allow":["GET"]}}],"collection":[{"href":"https:\/\/ancestralfamilyfootprints.com\/fr\/wp-json\/wp\/v2\/pages"}],"about":[{"href":"https:\/\/ancestralfamilyfootprints.com\/fr\/wp-json\/wp\/v2\/types\/page"}],"author":[{"embeddable":true,"href":"https:\/\/ancestralfamilyfootprints.com\/fr\/wp-json\/wp\/v2\/users\/1"}],"replies":[{"embeddable":true,"href":"https:\/\/ancestralfamilyfootprints.com\/fr\/wp-json\/wp\/v2\/comments?post=679"}],"version-history":[{"count":27,"href":"https:\/\/ancestralfamilyfootprints.com\/fr\/wp-json\/wp\/v2\/pages\/679\/revisions"}],"predecessor-version":[{"id":3906,"href":"https:\/\/ancestralfamilyfootprints.com\/fr\/wp-json\/wp\/v2\/pages\/679\/revisions\/3906"}],"wp:attachment":[{"href":"https:\/\/ancestralfamilyfootprints.com\/fr\/wp-json\/wp\/v2\/media?parent=679"}],"curies":[{"name":"wp","href":"https:\/\/api.w.org\/{rel}","templated":true}]}}