{"id":593,"date":"2022-01-19T16:09:52","date_gmt":"2022-01-20T00:09:52","guid":{"rendered":"https:\/\/ancestralfamilyfootprints.com\/?page_id=593"},"modified":"2023-10-17T11:01:36","modified_gmt":"2023-10-17T18:01:36","slug":"home","status":"publish","type":"page","link":"https:\/\/ancestralfamilyfootprints.com\/fr\/home\/","title":{"rendered":"Accueil"},"content":{"rendered":"<div data-elementor-type=\"wp-page\" data-elementor-id=\"593\" class=\"elementor elementor-593\">\n\t\t\t\t\t\t<section class=\"elementor-section elementor-top-section elementor-element elementor-element-11e9bdd elementor-section-boxed elementor-section-height-default elementor-section-height-default\" data-id=\"11e9bdd\" data-element_type=\"section\">\n\t\t\t\t\t\t<div class=\"elementor-container elementor-column-gap-default\">\n\t\t\t\t\t<div class=\"elementor-column elementor-col-100 elementor-top-column elementor-element elementor-element-496dd2e\" data-id=\"496dd2e\" data-element_type=\"column\">\n\t\t\t<div class=\"elementor-widget-wrap elementor-element-populated\">\n\t\t\t\t\t\t<div class=\"elementor-element elementor-element-bdede72 elementor-widget elementor-widget-heading\" data-id=\"bdede72\" data-element_type=\"widget\" data-widget_type=\"heading.default\">\n\t\t\t\t<div class=\"elementor-widget-container\">\n\t\t\t\t\t<h2 class=\"elementor-heading-title elementor-size-default\">POURQUOI LES EMPREINTES FAMILIALES ANCESTRALES\u00a0?<\/h2>\t\t\t\t<\/div>\n\t\t\t\t<\/div>\n\t\t\t\t\t<\/div>\n\t\t<\/div>\n\t\t\t\t\t<\/div>\n\t\t<\/section>\n\t\t\t\t<section class=\"elementor-section elementor-top-section elementor-element elementor-element-6767984 elementor-section-boxed elementor-section-height-default elementor-section-height-default\" data-id=\"6767984\" data-element_type=\"section\">\n\t\t\t\t\t\t<div class=\"elementor-container elementor-column-gap-default\">\n\t\t\t\t\t<div class=\"elementor-column elementor-col-100 elementor-top-column elementor-element elementor-element-d95af81\" data-id=\"d95af81\" data-element_type=\"column\">\n\t\t\t<div class=\"elementor-widget-wrap elementor-element-populated\">\n\t\t\t\t\t\t\t<\/div>\n\t\t<\/div>\n\t\t\t\t\t<\/div>\n\t\t<\/section>\n\t\t\t\t<section class=\"elementor-section elementor-top-section elementor-element elementor-element-35210ba elementor-section-boxed elementor-section-height-default elementor-section-height-default\" data-id=\"35210ba\" data-element_type=\"section\">\n\t\t\t\t\t\t<div class=\"elementor-container elementor-column-gap-default\">\n\t\t\t\t\t<div class=\"elementor-column elementor-col-100 elementor-top-column elementor-element elementor-element-fee856e\" data-id=\"fee856e\" data-element_type=\"column\">\n\t\t\t<div class=\"elementor-widget-wrap elementor-element-populated\">\n\t\t\t\t\t\t<div class=\"elementor-element elementor-element-d4e6fd2 elementor-widget elementor-widget-text-editor\" data-id=\"d4e6fd2\" data-element_type=\"widget\" data-widget_type=\"text-editor.default\">\n\t\t\t\t<div class=\"elementor-widget-container\">\n\t\t\t\t\t\t\t\t\t<p>En faisant des recherches sur mes anc\u00eatres, j&#039;ai appris leurs parcours de vie de la France au Qu\u00e9bec en passant par l&#039;Ontario et la Colombie-Britannique. Chaque \u00e9tape du voyage a laiss\u00e9 des traces. C&#039;est pourquoi j&#039;ai nomm\u00e9 ce site Web &quot;Ancestral Family Footprints&quot; et c&#039;est la page d&#039;accueil.\u00a0<\/p>\t\t\t\t\t\t\t\t<\/div>\n\t\t\t\t<\/div>\n\t\t\t\t\t<\/div>\n\t\t<\/div>\n\t\t\t\t\t<\/div>\n\t\t<\/section>\n\t\t\t\t<section class=\"elementor-section elementor-top-section elementor-element elementor-element-bb98a36 elementor-section-boxed elementor-section-height-default elementor-section-height-default\" data-id=\"bb98a36\" data-element_type=\"section\">\n\t\t\t\t\t\t<div class=\"elementor-container elementor-column-gap-default\">\n\t\t\t\t\t<div class=\"elementor-column elementor-col-100 elementor-top-column elementor-element elementor-element-3690f36\" data-id=\"3690f36\" data-element_type=\"column\">\n\t\t\t<div class=\"elementor-widget-wrap elementor-element-populated\">\n\t\t\t\t\t\t<div class=\"elementor-element elementor-element-30bd0d4 elementor-widget elementor-widget-heading\" data-id=\"30bd0d4\" data-element_type=\"widget\" data-widget_type=\"heading.default\">\n\t\t\t\t<div class=\"elementor-widget-container\">\n\t\t\t\t\t<h2 class=\"elementor-heading-title elementor-size-default\">Aujourd&#039;hui et empreintes historiques<\/h2>\t\t\t\t<\/div>\n\t\t\t\t<\/div>\n\t\t\t\t\t<\/div>\n\t\t<\/div>\n\t\t\t\t\t<\/div>\n\t\t<\/section>\n\t\t\t\t<section class=\"elementor-section elementor-top-section elementor-element elementor-element-9de5d7f elementor-section-boxed elementor-section-height-default elementor-section-height-default\" data-id=\"9de5d7f\" data-element_type=\"section\">\n\t\t\t\t\t\t<div class=\"elementor-container elementor-column-gap-default\">\n\t\t\t\t\t<div class=\"elementor-column elementor-col-100 elementor-top-column elementor-element elementor-element-212819a\" data-id=\"212819a\" data-element_type=\"column\">\n\t\t\t<div class=\"elementor-widget-wrap elementor-element-populated\">\n\t\t\t\t\t\t<div class=\"elementor-element elementor-element-2e17498 elementor-widget elementor-widget-text-editor\" data-id=\"2e17498\" data-element_type=\"widget\" data-widget_type=\"text-editor.default\">\n\t\t\t\t<div class=\"elementor-widget-container\">\n\t\t\t\t\t\t\t\t\t<p><span style=\"font-size: 20px;\">En 2018, j&#039;ai voyag\u00e9 deux fois en France. Lors du premier voyage, j&#039;ai voyag\u00e9 en train et visit\u00e9 plusieurs villes et villages ancestraux. Le point culminant de ce voyage a \u00e9t\u00e9 la visite de La Rochelle d&#039;o\u00f9 plusieurs de mes anc\u00eatres ont quitt\u00e9 la France. Voici un lien : <a title=\"Chemin de la Rochelle\" href=\"https:\/\/ancestralfamilyfootprints.com\/wp-content\/uploads\/2022\/08\/La-Rochelle-Asselin-Beauchamp.pdf\">Chemin de la Rochelle<\/a><\/span><\/p><p><span style=\"font-size: 20px;\">Lors du deuxi\u00e8me voyage, j&#039;ai r\u00e9alis\u00e9 un chemin ancestral, marchant d&#039;un village ancestral \u00e0 l&#039;autre. Un des moments forts de ce voyage a \u00e9t\u00e9 la marche du Bourdet jusqu&#039;\u00e0 Frontenay Rohan-Rohan o\u00f9 vivait mon anc\u00eatre Fran\u00e7ois Meloche au 17\u00e8me si\u00e8cle. Voici un lien :<a title=\"Chemin du Meloche\" href=\"https:\/\/ancestralfamilyfootprints.com\/wp-content\/uploads\/2022\/08\/CHEMIN-DES-MELOCHE-2018v3.pdf\"> Chemin du Meloche<\/a><\/span><\/p><p><span style=\"font-size: 20px;\">En juin 2023, un troisi\u00e8me voyage dans la vall\u00e9e de la Loire a \u00e9t\u00e9 r\u00e9alis\u00e9. L&#039;un des points forts de ce voyage a \u00e9t\u00e9 la promenade dans la for\u00eat d&#039;Amboise. Le parrain de mon a\u00efeule Fran\u00e7oise Hurteau \u00e9tait gardien de cette for\u00eat au 17\u00e8me si\u00e8cle. Voici un lien : <a title=\"Chemin d&#039;Amboise\" href=\"https:\/\/ancestralfamilyfootprints.com\/wp-content\/uploads\/2023\/10\/Amboise-Hurteau-vOct2023.pdf\">Chemin d&#039;Amboise<\/a>. Un quatri\u00e8me voyage en Normandie, en France, est actuellement \u00e9tudi\u00e9 et planifi\u00e9.\u00a0 <\/span><\/p><p><span style=\"font-size: 20px;\">\u00c0 l&#039;automne 2021, je me suis rendu \u00e0 Montr\u00e9al, au Qu\u00e9bec, et j&#039;ai compl\u00e9t\u00e9 le premier des nombreux itin\u00e9raires de marche ancestraux pr\u00e9vus dans la Belle Province. J&#039;ai march\u00e9 le long du fleuve Saint-Laurent \u00e0 Lachine (une banlieue actuelle de Montr\u00e9al) jusqu&#039;\u00e0 la maison ancestrale de Fran\u00e7ois Meloche. Voici le lien:\u00a0\u00a0<a title=\"Chemin du Lachine\" href=\"https:\/\/ancestralfamilyfootprints.com\/wp-content\/uploads\/2022\/08\/CHEMINS-DU-LACHINE.pdf\">Chemin du Lachine<\/a><\/span><\/p><p>La capacit\u00e9 de rechercher et de documenter nos anc\u00eatres familiaux en utilisant Internet est un cadeau formidable. C&#039;est tellement plus facile aujourd&#039;hui qu&#039;il y a 25 ans, lorsque ma s\u0153ur cadette a commenc\u00e9 \u00e0 faire des recherches sur notre histoire familiale. Mon blog d&#039;histoire familiale comprendra l&#039;histoire, les faits et les chiffres habituels glan\u00e9s sur Internet. Et il y aura des histoires ancestrales sur la fa\u00e7on dont mes anc\u00eatres ont parcouru les nombreux pas qui composent la vie quotidienne, laissant des empreintes \u00e0 suivre. Ce site Web d\u00e9crira \u00e0 la fois les empreintes actuelles et historiques pour r\u00e9v\u00e9ler mon histoire ancestrale.<\/p><p><span style=\"color: #592711;\"><strong>Organisation du chantier<br \/><\/strong><\/span><span style=\"color: #592711;\"><span style=\"color: #000000;\">Sur mon <a title=\"Blogue\" href=\"https:\/\/ancestralfamilyfootprints.com\/fr\/blog\/\">Blogue<\/a> vous trouverez des pr\u00e9sentations de mes grands-parents et de leurs (mes) anc\u00eatres, ainsi que des histoires de mes anc\u00eatres et de ma famille \u00e0 partir du 17\u00e8me si\u00e8cle. C&#039;est l&#039;objet de ce site Web. Mon plan est de publier r\u00e9guli\u00e8rement de nouvelles histoires de blog. Alors revenez souvent !<\/span><\/span><\/p><p>Sur le <a title=\"Page des noms de famille\" href=\"https:\/\/ancestralfamilyfootprints.com\/fr\/surnames\/\">Page des noms de famille<\/a>\u00a0vous trouverez une liste r\u00e9capitulative des noms de famille concern\u00e9s par ce blog d&#039;histoire familiale, des tableaux de lign\u00e9e et des explications sur le changement de nom de famille d&#039;Allaire \u00e0 Dallaire et de Meloche \u00e0 Jolicoeur.<\/p><p>Suivant le th\u00e8me des empreintes familiales ancestrales, ce site est organis\u00e9 selon la chronologie de mes anc\u00eatres au cours du 17<sup>e<\/sup>, 18<sup>e<\/sup>, 19<sup>e<\/sup>, et 20<sup>e<\/sup> des si\u00e8cles. Il y a une page pour chaque si\u00e8cle o\u00f9 un instantan\u00e9 de la vie de mes anc\u00eatres et de leurs emplacements est pr\u00e9sent\u00e9\u00a0:<br \/><a title=\"17\u00e8me si\u00e8cle\" href=\"https:\/\/ancestralfamilyfootprints.com\/fr\/17th-century\/\">Empreintes du XVIIe si\u00e8cle<\/a><br \/><a title=\"18\u00e8me si\u00e8cle\" href=\"https:\/\/ancestralfamilyfootprints.com\/fr\/18th-century\/\">Empreintes du XVIIIe si\u00e8cle<\/a><br \/><a title=\"19\u00e8me si\u00e8cle\" href=\"https:\/\/ancestralfamilyfootprints.com\/fr\/19th-century\/\">Empreintes du XIXe si\u00e8cle<\/a><br \/><a title=\"20i\u00e8me si\u00e8cle\" href=\"https:\/\/ancestralfamilyfootprints.com\/fr\/20th-century\/\">Empreintes du XXe si\u00e8cle<\/a><\/p><p>Ces informations de base ont \u00e9t\u00e9 fournies comme contexte pour les articles du blog.<\/p><p>Alors que je suis n\u00e9 au 20<sup>e<\/sup> si\u00e8cle, les empreintes que j&#039;ai faites en suivant celles de mes anc\u00eatres ont toutes eu lieu au 21<sup>st<\/sup> si\u00e8cle.<\/p><p>Sur le <strong>Empreintes du 21e si\u00e8cle<\/strong> page vous trouverez des d\u00e9tails sur ces voyages ancestraux ou empreintes de pas. Il y a une page pour la France et une page pour le Qu\u00e9bec actuel :<br \/><a title=\"France 21\u00e8me si\u00e8cle\" href=\"https:\/\/ancestralfamilyfootprints.com\/fr\/21st-century-france\/\">Empreintes de la France du XXIe si\u00e8cle<\/a><br \/><a title=\"Le Qu\u00e9bec du 21e si\u00e8cle\" href=\"https:\/\/ancestralfamilyfootprints.com\/fr\/21st-century-quebec\/\">Empreintes qu\u00e9b\u00e9coises du 21e si\u00e8cle<\/a><\/p><p><span style=\"color: #592711;\"><strong>D\u00e9dicace du site<br \/><\/strong><\/span>Je voudrais d&#039;abord d\u00e9dier ce site \u00e0 mon p\u00e8re. L&#039;h\u00e9ritage de son patronyme se terminera avec ses enfants. Il y a cinq enfants dans ma famille, nous utilisons tous le nom de famille Jolicoeur. Mon seul fr\u00e8re n&#039;a pas eu d&#039;enfants et donc le nom de famille ne survivra pas au-del\u00e0 de ma g\u00e9n\u00e9ration. Mon p\u00e8re est le fier anc\u00eatre de 5 enfants, 10 petits-enfants et 10 arri\u00e8re-petits-enfants (au moment de la r\u00e9daction).<\/p><p>Ensuite, je dois d\u00e9dier ce site \u00e0 mes enfants et petits-enfants. Lorsque vous apprenez \u00e0 conna\u00eetre vos anc\u00eatres, cela vous aide \u00e0 voir et \u00e0 imaginer le pass\u00e9, le pr\u00e9sent et le futur.<\/p><p>Enfin, je tiens \u00e0 remercier ma s\u0153ur cadette qui m&#039;a inspir\u00e9e et motiv\u00e9e \u00e0 entreprendre ce voyage et cette qu\u00eate ancestrale.<\/p>\t\t\t\t\t\t\t\t<\/div>\n\t\t\t\t<\/div>\n\t\t\t\t\t<\/div>\n\t\t<\/div>\n\t\t\t\t\t<\/div>\n\t\t<\/section>\n\t\t\t\t<section class=\"elementor-section elementor-top-section elementor-element elementor-element-5eb34b8 elementor-section-boxed elementor-section-height-default elementor-section-height-default\" data-id=\"5eb34b8\" data-element_type=\"section\">\n\t\t\t\t\t\t<div class=\"elementor-container elementor-column-gap-default\">\n\t\t\t\t\t<div class=\"elementor-column elementor-col-100 elementor-top-column elementor-element elementor-element-58e6032\" data-id=\"58e6032\" data-element_type=\"column\">\n\t\t\t<div class=\"elementor-widget-wrap elementor-element-populated\">\n\t\t\t\t\t\t<div class=\"elementor-element elementor-element-ed35ddd elementor-widget elementor-widget-text-editor\" data-id=\"ed35ddd\" data-element_type=\"widget\" data-widget_type=\"text-editor.default\">\n\t\t\t\t<div class=\"elementor-widget-container\">\n\t\t\t\t\t\t\t\t\t<p>Lorem ipsum dolor sit amet, consectetur adipiscing elit. Ut elit tellus, luctus nec ullamcorper mattis, pulvinar dapibus leo.<\/p>\t\t\t\t\t\t\t\t<\/div>\n\t\t\t\t<\/div>\n\t\t\t\t\t<\/div>\n\t\t<\/div>\n\t\t\t\t\t<\/div>\n\t\t<\/section>\n\t\t\t\t<\/div>","protected":false},"excerpt":{"rendered":"<p>POURQUOI LES EMPREINTES FAMILIALES ANCESTRALES\u00a0? En faisant des recherches sur mes anc\u00eatres, j&#039;ai appris leurs parcours de vie de la France au Qu\u00e9bec en passant par l&#039;Ontario et la Colombie-Britannique. Chaque \u00e9tape du voyage a laiss\u00e9 des traces. C&#039;est pourquoi j&#039;ai nomm\u00e9 ce site Web &quot;Ancestral Family Footprints&quot; et c&#039;est la page d&#039;accueil. Aujourd&#039;hui et empreintes historiques En 2018, j&#039;ai voyag\u00e9\u2026<\/p>\n<p class=\"read-more\"> <a class=\"\" href=\"https:\/\/ancestralfamilyfootprints.com\/fr\/home\/\"> <span class=\"screen-reader-text\">Accueil<\/span> Lire la suite \u00bb<\/a><\/p>","protected":false},"author":1,"featured_media":0,"parent":0,"menu_order":0,"comment_status":"open","ping_status":"closed","template":"","meta":{"site-sidebar-layout":"right-sidebar","site-content-layout":"plain-container","ast-global-header-display":"","ast-banner-title-visibility":"","ast-main-header-display":"","ast-hfb-above-header-display":"","ast-hfb-below-header-display":"","ast-hfb-mobile-header-display":"","site-post-title":"disabled","ast-breadcrumbs-content":"","ast-featured-img":"disabled","footer-sml-layout":"","theme-transparent-header-meta":"","adv-header-id-meta":"","stick-header-meta":"","header-above-stick-meta":"","header-main-stick-meta":"","header-below-stick-meta":"","footnotes":""},"class_list":["post-593","page","type-page","status-publish","hentry"],"aioseo_notices":[],"_links":{"self":[{"href":"https:\/\/ancestralfamilyfootprints.com\/fr\/wp-json\/wp\/v2\/pages\/593","targetHints":{"allow":["GET"]}}],"collection":[{"href":"https:\/\/ancestralfamilyfootprints.com\/fr\/wp-json\/wp\/v2\/pages"}],"about":[{"href":"https:\/\/ancestralfamilyfootprints.com\/fr\/wp-json\/wp\/v2\/types\/page"}],"author":[{"embeddable":true,"href":"https:\/\/ancestralfamilyfootprints.com\/fr\/wp-json\/wp\/v2\/users\/1"}],"replies":[{"embeddable":true,"href":"https:\/\/ancestralfamilyfootprints.com\/fr\/wp-json\/wp\/v2\/comments?post=593"}],"version-history":[{"count":100,"href":"https:\/\/ancestralfamilyfootprints.com\/fr\/wp-json\/wp\/v2\/pages\/593\/revisions"}],"predecessor-version":[{"id":3849,"href":"https:\/\/ancestralfamilyfootprints.com\/fr\/wp-json\/wp\/v2\/pages\/593\/revisions\/3849"}],"wp:attachment":[{"href":"https:\/\/ancestralfamilyfootprints.com\/fr\/wp-json\/wp\/v2\/media?parent=593"}],"curies":[{"name":"wp","href":"https:\/\/api.w.org\/{rel}","templated":true}]}}